{"id":4,"date":"2008-07-27T20:44:40","date_gmt":"2008-07-27T18:44:40","guid":{"rendered":"http:\/\/asterythms.net\/blog\/?page_id=4"},"modified":"2026-04-30T17:06:29","modified_gmt":"2026-04-30T16:06:29","slug":"uber-asterythms","status":"publish","type":"page","link":"http:\/\/asterythms.net\/blog\/?page_id=4","title":{"rendered":"\u00dcber Asterythms"},"content":{"rendered":"<div style=\"width: 385px\" class=\"wp-caption alignright\"><img decoding=\"async\" loading=\"lazy\" src=\"http:\/\/www.asterythms.net\/bilder\/cux2026_k.jpg\" alt=\"Autor: Frank Leiter\" width=\"375\" height=\"250\"><p class=\"wp-caption-text\">Autor: Frank Leiter<\/p><\/div>\n<p>Astronomie, das bedeutet:<\/p>\n<ul>\n<li>beeindruckende Anblicke unfassbar weit entfernter oder ausgedehnter Objekte<\/li>\n<li>Spannung pur bei Bedeckungsereignissen durch Mond, Kleinplaneten, oder<\/li>\n<li>Sonnenfinsternisse und andere Gro\u00dfereignisse<\/li>\n<\/ul>\n<p>Astronomie bedeutet aber auch:<\/p>\n<ul>\n<li>kalte F\u00fc\u00dfe<\/li>\n<li>daheim vergessene Utensilien, bspw. Sternkarten oder Okulare<\/li>\n<li>stundenlang nachgef\u00fchrte Fotos mit Flugzeugspuren<\/li>\n<li>Wetterpech<\/li>\n<li>u.s.w<\/li>\n<\/ul>\n<p>Diese Seite der Astronomie nimmt man am besten mit Humor. Asterythms ist ein Blog \u00fcber diese heitere Seite der Astronomie.<\/p>\n<p>Asterythms ist noch mehr. Astronomie l\u00e4dt ein zum Philosophieren. Es weckt die lyrische und k\u00fcnstlerische Ader. Viele Hobbyastronomen spielen Instrumente &#8211; und f\u00fcr diese Hobbyastronomen bietet Asterythms ein Forum.<\/p>\n<p>Asterythms.net wird betrieben von Frank Leiter, langj\u00e4hriges Mitglied der Astronomische Arbeitsgemeinschaft Heuchelheim, Mitherausgeber der Magellan, Gitarrist, Komponist und Physiker.<\/p>\n","protected":false},"excerpt":{"rendered":"<p>Astronomie, das bedeutet: beeindruckende Anblicke unfassbar weit entfernter oder ausgedehnter Objekte Spannung pur bei Bedeckungsereignissen durch Mond, Kleinplaneten, oder Sonnenfinsternisse und andere Gro\u00dfereignisse Astronomie bedeutet aber auch: kalte F\u00fc\u00dfe daheim vergessene Utensilien, bspw. Sternkarten oder Okulare stundenlang nachgef\u00fchrte Fotos mit &hellip; <a href=\"http:\/\/asterythms.net\/blog\/?page_id=4\">Weiterlesen <span class=\"meta-nav\">&rarr;<\/span><\/a><\/p>\n","protected":false},"author":2,"featured_media":0,"parent":0,"menu_order":2,"comment_status":"open","ping_status":"closed","template":"","meta":{"_s2mail":"yes"},"_links":{"self":[{"href":"http:\/\/asterythms.net\/blog\/index.php?rest_route=\/wp\/v2\/pages\/4"}],"collection":[{"href":"http:\/\/asterythms.net\/blog\/index.php?rest_route=\/wp\/v2\/pages"}],"about":[{"href":"http:\/\/asterythms.net\/blog\/index.php?rest_route=\/wp\/v2\/types\/page"}],"author":[{"embeddable":true,"href":"http:\/\/asterythms.net\/blog\/index.php?rest_route=\/wp\/v2\/users\/2"}],"replies":[{"embeddable":true,"href":"http:\/\/asterythms.net\/blog\/index.php?rest_route=%2Fwp%2Fv2%2Fcomments&post=4"}],"version-history":[{"count":4,"href":"http:\/\/asterythms.net\/blog\/index.php?rest_route=\/wp\/v2\/pages\/4\/revisions"}],"predecessor-version":[{"id":2541,"href":"http:\/\/asterythms.net\/blog\/index.php?rest_route=\/wp\/v2\/pages\/4\/revisions\/2541"}],"wp:attachment":[{"href":"http:\/\/asterythms.net\/blog\/index.php?rest_route=%2Fwp%2Fv2%2Fmedia&parent=4"}],"curies":[{"name":"wp","href":"https:\/\/api.w.org\/{rel}","templated":true}]}}